{"id":394,"date":"2016-11-07T14:54:41","date_gmt":"2016-11-07T19:54:41","guid":{"rendered":"https:\/\/www.childhooddisability.ca\/\/fr\/?page_id=394"},"modified":"2021-07-05T14:13:55","modified_gmt":"2021-07-05T18:13:55","slug":"loisir","status":"publish","type":"page","link":"https:\/\/childhooddisability.ca\/staging\/fr\/loisir\/","title":{"rendered":"Loisir"},"content":{"rendered":"<p>Le \u00ab loisir \u00bb se d\u00e9finit comme une activit\u00e9 que nous faisons dans les moments r\u00e9cr\u00e9atifs dont nous disposons, apr\u00e8s ou avant le travail ou d\u2019autres obligations. Chez les enfants et les jeunes, ces activit\u00e9s volontaires comprennent g\u00e9n\u00e9ralement les activit\u00e9s physiques et sociales, ainsi que celles qui sont ax\u00e9es sur les comp\u00e9tences ou sur l\u2019am\u00e9lioration personnelle oud\u2019autres activit\u00e9s r\u00e9cr\u00e9atives.<\/p>\n<p>Gr\u00e2ce \u00e0 la pratique d\u2019activit\u00e9s de loisir, les enfants exercent leurs comp\u00e9tences et d\u00e9veloppent leur identit\u00e9 personnelle en plus de construire des relations et des amiti\u00e9s avec leurs pairs. La participation \u00e0 des activit\u00e9s de loisir encourage l\u2019int\u00e9gration communautaire. C\u2019est \u00e9galement un \u00e9l\u00e9ment important qui contribue \u00e0 la sant\u00e9 physique et mentale ainsi qu\u2019au bien-\u00eatre.<\/p>\n<p>Le R\u00e9seau loisir et enfance est un espace pour partager des connaissances et des ressources, et \u00e9galement pour \u00e9changer des id\u00e9es sur la promotion des activit\u00e9s de loisir destin\u00e9es aux enfants et aux jeunes canadiens ayant des d\u00e9ficiences.<\/p>\n","protected":false},"excerpt":{"rendered":"<p>JOOAY est une App gratuite pour les familles d\u2019enfants ayant un handicap, qui localise les activit\u00e9s de loisirs de leurs choix.<\/p>\n","protected":false},"author":1,"featured_media":0,"parent":0,"menu_order":4,"comment_status":"closed","ping_status":"closed","template":"","meta":[],"acf":[],"_links":{"self":[{"href":"https:\/\/childhooddisability.ca\/staging\/fr\/wp-json\/wp\/v2\/pages\/394"}],"collection":[{"href":"https:\/\/childhooddisability.ca\/staging\/fr\/wp-json\/wp\/v2\/pages"}],"about":[{"href":"https:\/\/childhooddisability.ca\/staging\/fr\/wp-json\/wp\/v2\/types\/page"}],"author":[{"embeddable":true,"href":"https:\/\/childhooddisability.ca\/staging\/fr\/wp-json\/wp\/v2\/users\/1"}],"replies":[{"embeddable":true,"href":"https:\/\/childhooddisability.ca\/staging\/fr\/wp-json\/wp\/v2\/comments?post=394"}],"version-history":[{"count":8,"href":"https:\/\/childhooddisability.ca\/staging\/fr\/wp-json\/wp\/v2\/pages\/394\/revisions"}],"predecessor-version":[{"id":2767,"href":"https:\/\/childhooddisability.ca\/staging\/fr\/wp-json\/wp\/v2\/pages\/394\/revisions\/2767"}],"wp:attachment":[{"href":"https:\/\/childhooddisability.ca\/staging\/fr\/wp-json\/wp\/v2\/media?parent=394"}],"curies":[{"name":"wp","href":"https:\/\/api.w.org\/{rel}","templated":true}]}}