{"id":389,"date":"2016-11-07T14:49:22","date_gmt":"2016-11-07T19:49:22","guid":{"rendered":"https:\/\/www.childhooddisability.ca\/\/fr\/?page_id=389"},"modified":"2016-12-01T15:09:16","modified_gmt":"2016-12-01T20:09:16","slug":"programmes-tci","status":"publish","type":"page","link":"https:\/\/childhooddisability.ca\/staging\/fr\/therapies\/programmes-tci\/","title":{"rendered":"Programmes TCI"},"content":{"rendered":"<p><span style=\"font-weight: 400;\">Vous trouverez ci-dessous une liste des programmes TCI et HABIT disponibles au Canada, identifi\u00e9s par une \u00e9tude compl\u00e9t\u00e9e en 2014. Ceci n\u2019est pas une liste compl\u00e8te; pour plus d\u2019information sur des programmes sp\u00e9cifiques, contactez les centres directement.<\/span><\/p>\n","protected":false},"excerpt":{"rendered":"<p>Trouver des centres de r\u00e9adaptation canadiens offrant des programmes TCI dans votre province.<\/p>\n","protected":false},"author":1,"featured_media":0,"parent":372,"menu_order":1,"comment_status":"closed","ping_status":"closed","template":"","meta":[],"acf":[],"_links":{"self":[{"href":"https:\/\/childhooddisability.ca\/staging\/fr\/wp-json\/wp\/v2\/pages\/389"}],"collection":[{"href":"https:\/\/childhooddisability.ca\/staging\/fr\/wp-json\/wp\/v2\/pages"}],"about":[{"href":"https:\/\/childhooddisability.ca\/staging\/fr\/wp-json\/wp\/v2\/types\/page"}],"author":[{"embeddable":true,"href":"https:\/\/childhooddisability.ca\/staging\/fr\/wp-json\/wp\/v2\/users\/1"}],"replies":[{"embeddable":true,"href":"https:\/\/childhooddisability.ca\/staging\/fr\/wp-json\/wp\/v2\/comments?post=389"}],"version-history":[{"count":2,"href":"https:\/\/childhooddisability.ca\/staging\/fr\/wp-json\/wp\/v2\/pages\/389\/revisions"}],"predecessor-version":[{"id":546,"href":"https:\/\/childhooddisability.ca\/staging\/fr\/wp-json\/wp\/v2\/pages\/389\/revisions\/546"}],"up":[{"embeddable":true,"href":"https:\/\/childhooddisability.ca\/staging\/fr\/wp-json\/wp\/v2\/pages\/372"}],"wp:attachment":[{"href":"https:\/\/childhooddisability.ca\/staging\/fr\/wp-json\/wp\/v2\/media?parent=389"}],"curies":[{"name":"wp","href":"https:\/\/api.w.org\/{rel}","templated":true}]}}