{"id":388,"date":"2016-11-07T14:47:49","date_gmt":"2016-11-07T19:47:49","guid":{"rendered":"https:\/\/www.childhooddisability.ca\/\/fr\/?page_id=388"},"modified":"2016-12-01T15:27:59","modified_gmt":"2016-12-01T20:27:59","slug":"apprendre-sur-tci","status":"publish","type":"page","link":"https:\/\/childhooddisability.ca\/staging\/fr\/therapies\/apprendre-sur-tci\/","title":{"rendered":"Apprendre sur TCI"},"content":{"rendered":"<p>La Th\u00e9rapie par Contrainte Induite (TCI) est une intervention qui a prouv\u00e9 son efficacit\u00e9 pour am\u00e9liorer les capacit\u00e9s motrices des enfants atteints de paralysie c\u00e9r\u00e9brale. La TCI consiste en trois \u00e9l\u00e9ments cl\u00e9s: intensit\u00e9, contrainte, et conditionnement. Cette intervention est pr\u00e9sentement utilis\u00e9e dans plusieurs centres de r\u00e9adaptation th\u00e9rapatique aupr\u00e8s d\u2019enfants atteints de paralysie c\u00e9r\u00e9brale.<\/p>\n<h2>Th\u00e9rapie par contrainte induite signature<\/h2>\n<p><span style=\"font-weight: 400;\">Contraindre le membre sup\u00e9rieur sain pendant \u00a0presque toutes les heures de veille, pour une dur\u00e9e minimale de 2 semaines, associ\u00e9 \u00e0 \u00a0un entra\u00eenement intensif du \u00a0membre sup\u00e9rieur l\u00e9s\u00e9 pour un minimum de 3 heures par jour.<\/span><\/p>\n<h2>Th\u00e9rapie par contrainte induite modifi\u00e9e (TCIm)<\/h2>\n<p><span style=\"font-weight: 400;\">Contrainte et entra\u00eenement intensif sont inclus dans ce mod\u00e8le d\u2019ex\u00e9cution. Cependant, certains aspects varient, incluant le type de contrainte du membre sup\u00e9rieur valide, le type d\u2019entra\u00eenement fourni, la dur\u00e9e et la longueur ainsi que le lieu du programme, le contexte et le fournisseur de l\u2019entra\u00eenement.<\/span><\/p>\n<h2>TCI hybride<\/h2>\n<p><span style=\"font-weight: 400;\">Les composantes cl\u00e9s de la TCIm sont utilis\u00e9es et accompagn\u00e9es par un entra\u00eenement bimanuel.<\/span><\/p>\n<h2>Utilisation forc\u00e9<\/h2>\n<p><span style=\"font-weight: 400;\">Restriction de la main ou du bras valide \u00a0sans \u00a0programme d\u2019entra\u00eenement structur\u00e9.<\/span><\/p>\n<blockquote><p>Source: Eliasson, A., Krumlinde-Sundholm, L., Gordon, A., Feys, H., Klingels, K., Aarts, P., et al. Guidelines for future research in constraint-induced movement therapy for children with unilateral cerebral palsy: an expert consensus. Developmental Medicine &amp; Child Neurology 2014; 56: 125-137.<\/p><\/blockquote>\n","protected":false},"excerpt":{"rendered":"<p>La Th\u00e9rapie par Contrainte Induite (TCI) est une intervention qui a prouv\u00e9 son efficacit\u00e9 pour am\u00e9liorer les capacit\u00e9s motrices des enfants atteints de paralysie c\u00e9r\u00e9brale. La TCI consiste en trois \u00e9l\u00e9ments cl\u00e9s: intensit\u00e9, contrainte, et conditionnement. Cette intervention est pr\u00e9sentement utilis\u00e9e dans plusieurs centres de r\u00e9adaptation th\u00e9rapatique aupr\u00e8s d\u2019enfants atteints de paralysie c\u00e9r\u00e9brale. Th\u00e9rapie par [&hellip;]<\/p>\n","protected":false},"author":1,"featured_media":0,"parent":372,"menu_order":0,"comment_status":"closed","ping_status":"closed","template":"","meta":[],"acf":[],"_links":{"self":[{"href":"https:\/\/childhooddisability.ca\/staging\/fr\/wp-json\/wp\/v2\/pages\/388"}],"collection":[{"href":"https:\/\/childhooddisability.ca\/staging\/fr\/wp-json\/wp\/v2\/pages"}],"about":[{"href":"https:\/\/childhooddisability.ca\/staging\/fr\/wp-json\/wp\/v2\/types\/page"}],"author":[{"embeddable":true,"href":"https:\/\/childhooddisability.ca\/staging\/fr\/wp-json\/wp\/v2\/users\/1"}],"replies":[{"embeddable":true,"href":"https:\/\/childhooddisability.ca\/staging\/fr\/wp-json\/wp\/v2\/comments?post=388"}],"version-history":[{"count":5,"href":"https:\/\/childhooddisability.ca\/staging\/fr\/wp-json\/wp\/v2\/pages\/388\/revisions"}],"predecessor-version":[{"id":551,"href":"https:\/\/childhooddisability.ca\/staging\/fr\/wp-json\/wp\/v2\/pages\/388\/revisions\/551"}],"up":[{"embeddable":true,"href":"https:\/\/childhooddisability.ca\/staging\/fr\/wp-json\/wp\/v2\/pages\/372"}],"wp:attachment":[{"href":"https:\/\/childhooddisability.ca\/staging\/fr\/wp-json\/wp\/v2\/media?parent=388"}],"curies":[{"name":"wp","href":"https:\/\/api.w.org\/{rel}","templated":true}]}}