{"id":370,"date":"2016-11-07T14:30:39","date_gmt":"2016-11-07T19:30:39","guid":{"rendered":"https:\/\/www.childhooddisability.ca\/\/fr\/?page_id=370"},"modified":"2019-07-15T11:43:08","modified_gmt":"2019-07-15T15:43:08","slug":"a-propos","status":"publish","type":"page","link":"https:\/\/childhooddisability.ca\/staging\/fr\/a-propos\/","title":{"rendered":"\u00c0 propos"},"content":{"rendered":"<p><span style=\"font-weight: 400;\">Le site web \u00ab Incapacit\u00e9s de l\u2019enfant LINK \u00bb vise \u00e0 transf\u00e9rer \u00a0l\u2019information courante et les nouvelles connaissances aux familles et \u00a0professionnels de la sant\u00e9 afin d\u2019am\u00e9liorer le bien-\u00eatre et la qualit\u00e9 de vie des enfants ayant un handicap et leurs familles. Anim\u00e9 par une \u00e9quipe de chercheurs de l\u2019\u00c9cole de Physioth\u00e9rapie et Ergoth\u00e9rapie de l\u2019Universit\u00e9 McGill, le site web \u00ab Incapacit\u00e9s de l\u2019enfant LINK \u00bb a comme objectif de \u00a0fournir des conseils fond\u00e9s sur des preuves, ainsi que relier les familles \u00e0 des ressources int\u00e9ressantes et r\u00e9seaux de soutien. Sur LINK vous pouvez trouver de l\u2019information fiable sur diff\u00e9rents types d\u2019incapacit\u00e9s chez l\u2019enfant, la r\u00e9adaptation et les interventions m\u00e9dicales, politiques supportant la participation des enfants ayant un handicap et des ressources pour assister les parents et familles. Vous pouvez aussi sugg\u00e9rer des liens et nouvelles ressources pour qu\u2019on puisse \u00a0partager et apprendre ensemble!<\/span><\/p>\n","protected":false},"excerpt":{"rendered":"<p>Notre objectif est de relier l\u2019information et les nouvelles connaissances sur l\u2019incapacit\u00e9 de l\u2019enfant aux familles et prestataires de services afin d\u2019am\u00e9liorer la sant\u00e9 et le bien-\u00eatre des enfants et leurs familles.<\/p>\n","protected":false},"author":1,"featured_media":0,"parent":0,"menu_order":10,"comment_status":"closed","ping_status":"closed","template":"","meta":[],"acf":[],"_links":{"self":[{"href":"https:\/\/childhooddisability.ca\/staging\/fr\/wp-json\/wp\/v2\/pages\/370"}],"collection":[{"href":"https:\/\/childhooddisability.ca\/staging\/fr\/wp-json\/wp\/v2\/pages"}],"about":[{"href":"https:\/\/childhooddisability.ca\/staging\/fr\/wp-json\/wp\/v2\/types\/page"}],"author":[{"embeddable":true,"href":"https:\/\/childhooddisability.ca\/staging\/fr\/wp-json\/wp\/v2\/users\/1"}],"replies":[{"embeddable":true,"href":"https:\/\/childhooddisability.ca\/staging\/fr\/wp-json\/wp\/v2\/comments?post=370"}],"version-history":[{"count":6,"href":"https:\/\/childhooddisability.ca\/staging\/fr\/wp-json\/wp\/v2\/pages\/370\/revisions"}],"predecessor-version":[{"id":2015,"href":"https:\/\/childhooddisability.ca\/staging\/fr\/wp-json\/wp\/v2\/pages\/370\/revisions\/2015"}],"wp:attachment":[{"href":"https:\/\/childhooddisability.ca\/staging\/fr\/wp-json\/wp\/v2\/media?parent=370"}],"curies":[{"name":"wp","href":"https:\/\/api.w.org\/{rel}","templated":true}]}}